{"id":1045,"date":"2022-01-31T18:27:55","date_gmt":"2022-01-31T20:27:55","guid":{"rendered":"https:\/\/isofio.com.br\/?page_id=1045"},"modified":"2022-02-02T09:23:24","modified_gmt":"2022-02-02T11:23:24","slug":"embalagem-blister","status":"publish","type":"page","link":"https:\/\/isofio.com.br\/?page_id=1045","title":{"rendered":"Embalagem Blister"},"content":{"rendered":"\t\t<div data-elementor-type=\"wp-page\" data-elementor-id=\"1045\" class=\"elementor elementor-1045\" data-elementor-settings=\"[]\">\n\t\t\t\t\t\t<div class=\"elementor-inner\">\n\t\t\t\t\t\t\t<div class=\"elementor-section-wrap\">\n\t\t\t\t\t\t\t<section class=\"elementor-section elementor-top-section elementor-element elementor-element-495402c6 elementor-section-boxed elementor-section-height-default elementor-section-height-default\" data-id=\"495402c6\" data-element_type=\"section\">\n\t\t\t\t\t\t<div class=\"elementor-container elementor-column-gap-default\">\n\t\t\t\t\t\t\t<div class=\"elementor-row\">\n\t\t\t\t\t<div class=\"elementor-column elementor-col-100 elementor-top-column elementor-element elementor-element-42fb4cb1\" data-id=\"42fb4cb1\" data-element_type=\"column\">\n\t\t\t<div class=\"elementor-column-wrap elementor-element-populated\">\n\t\t\t\t\t\t\t<div class=\"elementor-widget-wrap\">\n\t\t\t\t\t\t<div class=\"elementor-element elementor-element-32bf91a5 elementor-widget elementor-widget-text-editor\" data-id=\"32bf91a5\" data-element_type=\"widget\" data-widget_type=\"text-editor.default\">\n\t\t\t\t<div class=\"elementor-widget-container\">\n\t\t\t\t\t\t\t\t<div class=\"elementor-text-editor elementor-clearfix\">\n\t\t\t\t\t<h3>Embalagem Blister\u00a0<\/h3><p>A Embalagem Blister \u00e9 Confeccionado com uma folha de alum\u00ednio com uma das superf\u00edcies devidamente preparada para impress\u00e3o e outra para selagem contra diversos tipos de filmes e alum\u00ednio.<\/p><p>A superf\u00edcie para o lado destinado a selagem pode ser do lado brilhante ou fosco, dependendo da necessidade do cliente, al\u00e9m de poder ficar tanto internamente como externamente nas bobinas.<\/p>\t\t\t\t\t<\/div>\n\t\t\t\t\t\t<\/div>\n\t\t\t\t<\/div>\n\t\t\t\t<div class=\"elementor-element elementor-element-48ec094 elementor-widget elementor-widget-text-editor\" data-id=\"48ec094\" data-element_type=\"widget\" data-widget_type=\"text-editor.default\">\n\t\t\t\t<div class=\"elementor-widget-container\">\n\t\t\t\t\t\t\t\t<div class=\"elementor-text-editor elementor-clearfix\">\n\t\t\t\t\t<p>Temos diversos modelos de Embalagem <em class=\"hcV4Re nkGKTb\">Blister<\/em>. C\u00e1psulas, comprimidos etc&#8230;<\/p><p>Destinado a selagem para o envase de produtos f\u00e1rmacos, aliment\u00edcios e veterin\u00e1rios na forma\u00e7\u00e3o do blister para comprimidos, c\u00e1psulas, s\u00f3lidos, liquidos e pastosos.<\/p><p>Ideal para selagem contra PVDC, PVC, BOPA, ALUMINIO, etc&#8230;<\/p>\t\t\t\t\t<\/div>\n\t\t\t\t\t\t<\/div>\n\t\t\t\t<\/div>\n\t\t\t\t\t\t<\/div>\n\t\t\t\t\t<\/div>\n\t\t<\/div>\n\t\t\t\t\t\t\t\t<\/div>\n\t\t\t\t\t<\/div>\n\t\t<\/section>\n\t\t\t\t<section class=\"elementor-section elementor-top-section elementor-element elementor-element-24947cb3 elementor-section-stretched elementor-section-boxed elementor-section-height-default elementor-section-height-default\" data-id=\"24947cb3\" data-element_type=\"section\" data-settings=\"{&quot;stretch_section&quot;:&quot;section-stretched&quot;,&quot;background_background&quot;:&quot;slideshow&quot;,&quot;background_slideshow_gallery&quot;:[],&quot;background_slideshow_loop&quot;:&quot;yes&quot;,&quot;background_slideshow_slide_duration&quot;:5000,&quot;background_slideshow_slide_transition&quot;:&quot;fade&quot;,&quot;background_slideshow_transition_duration&quot;:500}\">\n\t\t\t\t\t\t<div class=\"elementor-container elementor-column-gap-default\">\n\t\t\t\t\t\t\t<div class=\"elementor-row\">\n\t\t\t\t\t<div class=\"elementor-column elementor-col-100 elementor-top-column elementor-element elementor-element-1ec1113e\" data-id=\"1ec1113e\" data-element_type=\"column\">\n\t\t\t<div class=\"elementor-column-wrap\">\n\t\t\t\t\t\t\t<div class=\"elementor-widget-wrap\">\n\t\t\t\t\t\t\t\t<\/div>\n\t\t\t\t\t<\/div>\n\t\t<\/div>\n\t\t\t\t\t\t\t\t<\/div>\n\t\t\t\t\t<\/div>\n\t\t<\/section>\n\t\t\t\t\t\t<\/div>\n\t\t\t\t\t\t<\/div>\n\t\t\t\t\t<\/div>\n\t\t","protected":false},"excerpt":{"rendered":"<p>Embalagem Blister\u00a0 A Embalagem Blister \u00e9 Confeccionado com uma folha de alum\u00ednio com uma das superf\u00edcies devidamente preparada para impress\u00e3o e outra para selagem contra diversos tipos de filmes e alum\u00ednio. A superf\u00edcie para o lado destinado a selagem pode ser do lado brilhante ou fosco, dependendo da necessidade do cliente, al\u00e9m de poder ficar&hellip;<\/p>\n","protected":false},"author":1,"featured_media":1054,"parent":0,"menu_order":0,"comment_status":"closed","ping_status":"closed","template":"","meta":{"footnotes":""},"class_list":["post-1045","page","type-page","status-publish","has-post-thumbnail","hentry"],"yoast_head":"<!-- This site is optimized with the Yoast SEO plugin v17.7.1 - https:\/\/yoast.com\/wordpress\/plugins\/seo\/ -->\n<title>Embalagem Blister -<\/title>\n<meta name=\"robots\" content=\"noindex, follow, max-snippet:-1, max-image-preview:large, max-video-preview:-1\" \/>\n<meta property=\"og:locale\" content=\"pt_BR\" \/>\n<meta property=\"og:type\" content=\"article\" \/>\n<meta property=\"og:title\" content=\"Embalagem Blister -\" \/>\n<meta property=\"og:description\" content=\"Embalagem Blister\u00a0 A Embalagem Blister \u00e9 Confeccionado com uma folha de alum\u00ednio com uma das superf\u00edcies devidamente preparada para impress\u00e3o e outra para selagem contra diversos tipos de filmes e alum\u00ednio. A superf\u00edcie para o lado destinado a selagem pode ser do lado brilhante ou fosco, dependendo da necessidade do cliente, al\u00e9m de poder ficar&hellip;\" \/>\n<meta property=\"og:url\" content=\"https:\/\/isofio.com.br\/?page_id=1045\" \/>\n<meta property=\"article:modified_time\" content=\"2022-02-02T11:23:24+00:00\" \/>\n<meta property=\"og:image\" content=\"https:\/\/isofio.com.br\/wp-content\/uploads\/2022\/02\/embalagem-blister.jpg\" \/>\n\t<meta property=\"og:image:width\" content=\"1500\" \/>\n\t<meta property=\"og:image:height\" content=\"1001\" \/>\n<meta name=\"twitter:card\" content=\"summary_large_image\" \/>\n<meta name=\"twitter:label1\" content=\"Est. tempo de leitura\" \/>\n\t<meta name=\"twitter:data1\" content=\"1 minuto\" \/>\n<script type=\"application\/ld+json\" class=\"yoast-schema-graph\">{\"@context\":\"https:\/\/schema.org\",\"@graph\":[{\"@type\":\"WebSite\",\"@id\":\"https:\/\/isofio.com.br\/#website\",\"url\":\"https:\/\/isofio.com.br\/\",\"name\":\"\",\"description\":\"\",\"potentialAction\":[{\"@type\":\"SearchAction\",\"target\":{\"@type\":\"EntryPoint\",\"urlTemplate\":\"https:\/\/isofio.com.br\/?s={search_term_string}\"},\"query-input\":\"required name=search_term_string\"}],\"inLanguage\":\"pt-BR\"},{\"@type\":\"ImageObject\",\"@id\":\"https:\/\/isofio.com.br\/?page_id=1045#primaryimage\",\"inLanguage\":\"pt-BR\",\"url\":\"https:\/\/isofio.com.br\/wp-content\/uploads\/2022\/02\/embalagem-blister.jpg\",\"contentUrl\":\"https:\/\/isofio.com.br\/wp-content\/uploads\/2022\/02\/embalagem-blister.jpg\",\"width\":1500,\"height\":1001},{\"@type\":\"WebPage\",\"@id\":\"https:\/\/isofio.com.br\/?page_id=1045#webpage\",\"url\":\"https:\/\/isofio.com.br\/?page_id=1045\",\"name\":\"Embalagem Blister -\",\"isPartOf\":{\"@id\":\"https:\/\/isofio.com.br\/#website\"},\"primaryImageOfPage\":{\"@id\":\"https:\/\/isofio.com.br\/?page_id=1045#primaryimage\"},\"datePublished\":\"2022-01-31T20:27:55+00:00\",\"dateModified\":\"2022-02-02T11:23:24+00:00\",\"breadcrumb\":{\"@id\":\"https:\/\/isofio.com.br\/?page_id=1045#breadcrumb\"},\"inLanguage\":\"pt-BR\",\"potentialAction\":[{\"@type\":\"ReadAction\",\"target\":[\"https:\/\/isofio.com.br\/?page_id=1045\"]}]},{\"@type\":\"BreadcrumbList\",\"@id\":\"https:\/\/isofio.com.br\/?page_id=1045#breadcrumb\",\"itemListElement\":[{\"@type\":\"ListItem\",\"position\":1,\"name\":\"In\\u00edcio\",\"item\":\"https:\/\/isofio.com.br\/\"},{\"@type\":\"ListItem\",\"position\":2,\"name\":\"Embalagem Blister\"}]}]}<\/script>\n<!-- \/ Yoast SEO plugin. -->","yoast_head_json":{"title":"Embalagem Blister -","robots":{"index":"noindex","follow":"follow","max-snippet":"max-snippet:-1","max-image-preview":"max-image-preview:large","max-video-preview":"max-video-preview:-1"},"og_locale":"pt_BR","og_type":"article","og_title":"Embalagem Blister -","og_description":"Embalagem Blister\u00a0 A Embalagem Blister \u00e9 Confeccionado com uma folha de alum\u00ednio com uma das superf\u00edcies devidamente preparada para impress\u00e3o e outra para selagem contra diversos tipos de filmes e alum\u00ednio. A superf\u00edcie para o lado destinado a selagem pode ser do lado brilhante ou fosco, dependendo da necessidade do cliente, al\u00e9m de poder ficar&hellip;","og_url":"https:\/\/isofio.com.br\/?page_id=1045","article_modified_time":"2022-02-02T11:23:24+00:00","og_image":[{"width":1500,"height":1001,"url":"https:\/\/isofio.com.br\/wp-content\/uploads\/2022\/02\/embalagem-blister.jpg","type":"image\/jpeg"}],"twitter_card":"summary_large_image","twitter_misc":{"Est. tempo de leitura":"1 minuto"},"schema":{"@context":"https:\/\/schema.org","@graph":[{"@type":"WebSite","@id":"https:\/\/isofio.com.br\/#website","url":"https:\/\/isofio.com.br\/","name":"","description":"","potentialAction":[{"@type":"SearchAction","target":{"@type":"EntryPoint","urlTemplate":"https:\/\/isofio.com.br\/?s={search_term_string}"},"query-input":"required name=search_term_string"}],"inLanguage":"pt-BR"},{"@type":"ImageObject","@id":"https:\/\/isofio.com.br\/?page_id=1045#primaryimage","inLanguage":"pt-BR","url":"https:\/\/isofio.com.br\/wp-content\/uploads\/2022\/02\/embalagem-blister.jpg","contentUrl":"https:\/\/isofio.com.br\/wp-content\/uploads\/2022\/02\/embalagem-blister.jpg","width":1500,"height":1001},{"@type":"WebPage","@id":"https:\/\/isofio.com.br\/?page_id=1045#webpage","url":"https:\/\/isofio.com.br\/?page_id=1045","name":"Embalagem Blister -","isPartOf":{"@id":"https:\/\/isofio.com.br\/#website"},"primaryImageOfPage":{"@id":"https:\/\/isofio.com.br\/?page_id=1045#primaryimage"},"datePublished":"2022-01-31T20:27:55+00:00","dateModified":"2022-02-02T11:23:24+00:00","breadcrumb":{"@id":"https:\/\/isofio.com.br\/?page_id=1045#breadcrumb"},"inLanguage":"pt-BR","potentialAction":[{"@type":"ReadAction","target":["https:\/\/isofio.com.br\/?page_id=1045"]}]},{"@type":"BreadcrumbList","@id":"https:\/\/isofio.com.br\/?page_id=1045#breadcrumb","itemListElement":[{"@type":"ListItem","position":1,"name":"In\u00edcio","item":"https:\/\/isofio.com.br\/"},{"@type":"ListItem","position":2,"name":"Embalagem Blister"}]}]}},"_links":{"self":[{"href":"https:\/\/isofio.com.br\/index.php?rest_route=\/wp\/v2\/pages\/1045","targetHints":{"allow":["GET"]}}],"collection":[{"href":"https:\/\/isofio.com.br\/index.php?rest_route=\/wp\/v2\/pages"}],"about":[{"href":"https:\/\/isofio.com.br\/index.php?rest_route=\/wp\/v2\/types\/page"}],"author":[{"embeddable":true,"href":"https:\/\/isofio.com.br\/index.php?rest_route=\/wp\/v2\/users\/1"}],"replies":[{"embeddable":true,"href":"https:\/\/isofio.com.br\/index.php?rest_route=%2Fwp%2Fv2%2Fcomments&post=1045"}],"version-history":[{"count":14,"href":"https:\/\/isofio.com.br\/index.php?rest_route=\/wp\/v2\/pages\/1045\/revisions"}],"predecessor-version":[{"id":1065,"href":"https:\/\/isofio.com.br\/index.php?rest_route=\/wp\/v2\/pages\/1045\/revisions\/1065"}],"wp:featuredmedia":[{"embeddable":true,"href":"https:\/\/isofio.com.br\/index.php?rest_route=\/wp\/v2\/media\/1054"}],"wp:attachment":[{"href":"https:\/\/isofio.com.br\/index.php?rest_route=%2Fwp%2Fv2%2Fmedia&parent=1045"}],"curies":[{"name":"wp","href":"https:\/\/api.w.org\/{rel}","templated":true}]}}