{"id":418,"date":"2021-03-23T17:37:06","date_gmt":"2021-03-23T20:37:06","guid":{"rendered":"http:\/\/72.29.84.86\/~isofio\/?page_id=418"},"modified":"2021-03-26T17:55:43","modified_gmt":"2021-03-26T20:55:43","slug":"laminacao","status":"publish","type":"page","link":"https:\/\/isofio.com.br\/?page_id=418","title":{"rendered":"Lamina\u00e7\u00e3o"},"content":{"rendered":"\t\t<div data-elementor-type=\"wp-page\" data-elementor-id=\"418\" class=\"elementor elementor-418\" data-elementor-settings=\"[]\">\n\t\t\t\t\t\t<div class=\"elementor-inner\">\n\t\t\t\t\t\t\t<div class=\"elementor-section-wrap\">\n\t\t\t\t\t\t\t<section class=\"elementor-section elementor-top-section elementor-element elementor-element-9923de5 elementor-section-stretched elementor-section-boxed elementor-section-height-default elementor-section-height-default\" data-id=\"9923de5\" data-element_type=\"section\" data-settings=\"{&quot;stretch_section&quot;:&quot;section-stretched&quot;}\">\n\t\t\t\t\t\t<div class=\"elementor-container elementor-column-gap-default\">\n\t\t\t\t\t\t\t<div class=\"elementor-row\">\n\t\t\t\t\t<div class=\"elementor-column elementor-col-100 elementor-top-column elementor-element elementor-element-1c4ba35a\" data-id=\"1c4ba35a\" data-element_type=\"column\">\n\t\t\t<div class=\"elementor-column-wrap elementor-element-populated\">\n\t\t\t\t\t\t\t<div class=\"elementor-widget-wrap\">\n\t\t\t\t\t\t<div class=\"elementor-element elementor-element-787f896d elementor-invisible elementor-widget elementor-widget-text-editor\" data-id=\"787f896d\" data-element_type=\"widget\" data-settings=\"{&quot;_animation&quot;:&quot;bounceInDown&quot;}\" data-widget_type=\"text-editor.default\">\n\t\t\t\t<div class=\"elementor-widget-container\">\n\t\t\t\t\t\t\t\t<div class=\"elementor-text-editor elementor-clearfix\">\n\t\t\t\t\t<p class=\"v1MsoNormal\">Processo industrial que tem como objetivo unir dois ou mais mat\u00e9rias flex\u00edveis atrav\u00e9s da utiliza\u00e7\u00e3o de adesivos especialmente desenvolvidos para cada tipo de aplica\u00e7\u00e3o solicitada.<\/p><p class=\"v1MsoNormal\">Este processo agrega as diversas caracter\u00edsticas do alum\u00ednio, como barreira absoluta e est\u00e9tica, com a versatilidade de mat\u00e9rias polim\u00e9rica para melhorar a resist\u00eancia mec\u00e2nica, t\u00e9rmica e qu\u00edmica, desta forma podendo ser empregado na ind\u00fastria farmac\u00eautica como selagem de blisters, na ind\u00fastria aliment\u00edcia em embalagens flex\u00edveis, r\u00f3tulos, tampas de capsulas e potes e aplica\u00e7\u00f5es industriais como manta asf\u00e1ltica e prote\u00e7\u00e3o de motores.<\/p>\t\t\t\t\t<\/div>\n\t\t\t\t\t\t<\/div>\n\t\t\t\t<\/div>\n\t\t\t\t\t\t<\/div>\n\t\t\t\t\t<\/div>\n\t\t<\/div>\n\t\t\t\t\t\t\t\t<\/div>\n\t\t\t\t\t<\/div>\n\t\t<\/section>\n\t\t\t\t<section class=\"elementor-section elementor-top-section elementor-element elementor-element-482f4b34 elementor-section-stretched elementor-section-boxed elementor-section-height-default elementor-section-height-default\" data-id=\"482f4b34\" data-element_type=\"section\" data-settings=\"{&quot;stretch_section&quot;:&quot;section-stretched&quot;}\">\n\t\t\t\t\t\t<div class=\"elementor-container elementor-column-gap-default\">\n\t\t\t\t\t\t\t<div class=\"elementor-row\">\n\t\t\t\t\t<div class=\"elementor-column elementor-col-100 elementor-top-column elementor-element elementor-element-36d1d8a1\" data-id=\"36d1d8a1\" data-element_type=\"column\">\n\t\t\t<div class=\"elementor-column-wrap elementor-element-populated\">\n\t\t\t\t\t\t\t<div class=\"elementor-widget-wrap\">\n\t\t\t\t\t\t<div class=\"elementor-element elementor-element-860cca2 elementor-aspect-ratio-169 elementor-widget elementor-widget-video\" data-id=\"860cca2\" data-element_type=\"widget\" data-settings=\"{&quot;youtube_url&quot;:&quot;https:\\\/\\\/www.youtube.com\\\/watch?v=SZlTK2QEC7M&quot;,&quot;video_type&quot;:&quot;youtube&quot;,&quot;controls&quot;:&quot;yes&quot;,&quot;aspect_ratio&quot;:&quot;169&quot;}\" data-widget_type=\"video.default\">\n\t\t\t\t<div class=\"elementor-widget-container\">\n\t\t\t\t\t<div class=\"elementor-wrapper elementor-fit-aspect-ratio elementor-open-inline\">\n\t\t\t<div class=\"elementor-video\"><\/div>\t\t<\/div>\n\t\t\t\t<\/div>\n\t\t\t\t<\/div>\n\t\t\t\t\t\t<\/div>\n\t\t\t\t\t<\/div>\n\t\t<\/div>\n\t\t\t\t\t\t\t\t<\/div>\n\t\t\t\t\t<\/div>\n\t\t<\/section>\n\t\t\t\t<section class=\"elementor-section elementor-top-section elementor-element elementor-element-6318cf51 elementor-section-stretched elementor-section-boxed elementor-section-height-default elementor-section-height-default\" data-id=\"6318cf51\" data-element_type=\"section\" data-settings=\"{&quot;stretch_section&quot;:&quot;section-stretched&quot;}\">\n\t\t\t\t\t\t<div class=\"elementor-container elementor-column-gap-default\">\n\t\t\t\t\t\t\t<div class=\"elementor-row\">\n\t\t\t\t\t<div class=\"elementor-column elementor-col-33 elementor-top-column elementor-element elementor-element-83ae8e\" data-id=\"83ae8e\" data-element_type=\"column\">\n\t\t\t<div class=\"elementor-column-wrap elementor-element-populated\">\n\t\t\t\t\t\t\t<div class=\"elementor-widget-wrap\">\n\t\t\t\t\t\t<div class=\"elementor-element elementor-element-50302bb elementor-view-stacked elementor-shape-circle elementor-invisible elementor-widget elementor-widget-icon\" data-id=\"50302bb\" data-element_type=\"widget\" data-settings=\"{&quot;_animation&quot;:&quot;rotateIn&quot;}\" data-widget_type=\"icon.default\">\n\t\t\t\t<div class=\"elementor-widget-container\">\n\t\t\t\t\t<div class=\"elementor-icon-wrapper\">\n\t\t\t<div class=\"elementor-icon\">\n\t\t\t<i aria-hidden=\"true\" class=\"far fa-check-circle\"><\/i>\t\t\t<\/div>\n\t\t<\/div>\n\t\t\t\t<\/div>\n\t\t\t\t<\/div>\n\t\t\t\t<div class=\"elementor-element elementor-element-2e536bf elementor-invisible elementor-widget elementor-widget-text-editor\" data-id=\"2e536bf\" data-element_type=\"widget\" data-settings=\"{&quot;_animation&quot;:&quot;shake&quot;}\" data-widget_type=\"text-editor.default\">\n\t\t\t\t<div class=\"elementor-widget-container\">\n\t\t\t\t\t\t\t\t<div class=\"elementor-text-editor elementor-clearfix\">\n\t\t\t\t\t<p style=\"text-align: center;\"><strong>APLICA\u00c7\u00d5ES<\/strong><\/p><p>Como exemplo de material que pode ser laminado, adotamos o metal alum\u00ednio. Este metal quando \u00e9 exposto a atmosfera, forma-se na sua superf\u00edcie uma fina camada de \u00f3xido protetora, esta camada \u00e9 invis\u00edvel a olho n\u00fa, e a sua fun\u00e7\u00e3o \u00e9 proteger o metal de oxida\u00e7\u00f5es posteriores, fazendo com que o mesmo tenha uma durabilidade muito maior. Esta caracter\u00edstica para materiais laminados \u00e9 espetacular, j\u00e1 que os mesmos apresentam muita superf\u00edcie de contato do metal com o meio que o circula.<\/p><p>Chapas laminadas de alum\u00ednio s\u00e3o facilmente encontradas em ind\u00fastrias, protegendo e recobrindo m\u00e1quinas e equipamentos, em ambientes agressivos aos metais em geral. Al\u00e9m disso, por n\u00e3o ser t\u00f3xico, facilmente encontram-se chapas laminadas de alum\u00ednio protegendo e embalando alimentos, desde marmitas at\u00e9 embalagens finas como tampas\u00a0de potes de iogurte, por exemplo. Muitas panelas s\u00e3o feitas com chapas de alum\u00ednio laminadas, isso deve-se a propriedade que o metal possuir de alta condutibilidade t\u00e9rmica. Por n\u00e3o ser magn\u00e9tico encontram-se chapas laminadas de alum\u00ednio em muitos equipamentos eletr\u00f4nicos delicados, protegendo-os. Exemplos n\u00e3o faltam para as poss\u00edveis aplica\u00e7\u00f5es do metal alum\u00ednio\u00a0laminado.<\/p>\t\t\t\t\t<\/div>\n\t\t\t\t\t\t<\/div>\n\t\t\t\t<\/div>\n\t\t\t\t\t\t<\/div>\n\t\t\t\t\t<\/div>\n\t\t<\/div>\n\t\t\t\t<div class=\"elementor-column elementor-col-33 elementor-top-column elementor-element elementor-element-4ffd95e6\" data-id=\"4ffd95e6\" data-element_type=\"column\">\n\t\t\t<div class=\"elementor-column-wrap elementor-element-populated\">\n\t\t\t\t\t\t\t<div class=\"elementor-widget-wrap\">\n\t\t\t\t\t\t<div class=\"elementor-element elementor-element-1fae05dd elementor-view-stacked elementor-shape-circle elementor-invisible elementor-widget elementor-widget-icon\" data-id=\"1fae05dd\" data-element_type=\"widget\" data-settings=\"{&quot;_animation&quot;:&quot;rotateIn&quot;}\" data-widget_type=\"icon.default\">\n\t\t\t\t<div class=\"elementor-widget-container\">\n\t\t\t\t\t<div class=\"elementor-icon-wrapper\">\n\t\t\t<div class=\"elementor-icon\">\n\t\t\t<i aria-hidden=\"true\" class=\"far fa-check-circle\"><\/i>\t\t\t<\/div>\n\t\t<\/div>\n\t\t\t\t<\/div>\n\t\t\t\t<\/div>\n\t\t\t\t<div class=\"elementor-element elementor-element-1ef9957c elementor-invisible elementor-widget elementor-widget-text-editor\" data-id=\"1ef9957c\" data-element_type=\"widget\" data-settings=\"{&quot;_animation&quot;:&quot;bounceIn&quot;}\" data-widget_type=\"text-editor.default\">\n\t\t\t\t<div class=\"elementor-widget-container\">\n\t\t\t\t\t\t\t\t<div class=\"elementor-text-editor elementor-clearfix\">\n\t\t\t\t\t<p style=\"text-align: center;\"><strong>CLASSIFICA\u00c7\u00c3O E ACABAMENTOS DOS PRODUTOS LAMINADOS<\/strong><\/p><p>Classifica-se os produtos laminados em Chapas, Chapas Bobinadas, Folhas, Folhas Bobinadas e Discos. O que determina a correta classifica\u00e7\u00e3o \u00e9 a espessura da l\u00e2mina de metal e a forma como o mesmo \u00e9 fornecido (Bobinadas ou n\u00e3o).<\/p><p>Os poss\u00edveis acabamentos superficiais dos produtos laminados est\u00e3o diretamente relacionados a rugosidade dos cilindros laminadores. Pode-se classificar os acabamentos como, Chapa com acabamento comum, Chapa com acabamento brilhante (que pode ser de um lado ou dos dois lados da chapa) e Chapa com acabamento fosco.<\/p>\t\t\t\t\t<\/div>\n\t\t\t\t\t\t<\/div>\n\t\t\t\t<\/div>\n\t\t\t\t\t\t<\/div>\n\t\t\t\t\t<\/div>\n\t\t<\/div>\n\t\t\t\t<div class=\"elementor-column elementor-col-33 elementor-top-column elementor-element elementor-element-41c0bbe4\" data-id=\"41c0bbe4\" data-element_type=\"column\">\n\t\t\t<div class=\"elementor-column-wrap elementor-element-populated\">\n\t\t\t\t\t\t\t<div class=\"elementor-widget-wrap\">\n\t\t\t\t\t\t<div class=\"elementor-element elementor-element-7890916 elementor-view-stacked elementor-shape-circle elementor-invisible elementor-widget elementor-widget-icon\" data-id=\"7890916\" data-element_type=\"widget\" data-settings=\"{&quot;_animation&quot;:&quot;rotateIn&quot;}\" data-widget_type=\"icon.default\">\n\t\t\t\t<div class=\"elementor-widget-container\">\n\t\t\t\t\t<div class=\"elementor-icon-wrapper\">\n\t\t\t<div class=\"elementor-icon\">\n\t\t\t<i aria-hidden=\"true\" class=\"far fa-check-circle\"><\/i>\t\t\t<\/div>\n\t\t<\/div>\n\t\t\t\t<\/div>\n\t\t\t\t<\/div>\n\t\t\t\t<div class=\"elementor-element elementor-element-5d78a266 elementor-invisible elementor-widget elementor-widget-text-editor\" data-id=\"5d78a266\" data-element_type=\"widget\" data-settings=\"{&quot;_animation&quot;:&quot;bounceInLeft&quot;}\" data-widget_type=\"text-editor.default\">\n\t\t\t\t<div class=\"elementor-widget-container\">\n\t\t\t\t\t\t\t\t<div class=\"elementor-text-editor elementor-clearfix\">\n\t\t\t\t\t<p style=\"text-align: center;\"><strong>DEFEITOS DOS PRODUTOS LAMINADOS<\/strong><\/p><p>S\u00e3o in\u00fameros os poss\u00edveis defeitos ocasionados aos materiais laminados pelo processo de lamina\u00e7\u00e3o, vamos citar os mais comuns:<\/p><p>Vazios:\u00a0S\u00e3o locais onde aparecem \u201cburacos\u201d no produto laminado, este defeito podem ser oriundos de rechupes ou dos gases retidos no metal, quando da sua fundi\u00e7\u00e3o. Este tipo de defeito reduz a resist\u00eancia mec\u00e2nica do produto.<\/p><p>Gotas Frias:\u00a0S\u00e3o os pingos de metal que se solidificam na parede da lingoteira, durante o vazamento do metal na fundi\u00e7\u00e3o e quando o l\u00edquido chega neste ponto para preencher e formar o\u00a0bloco que ser\u00e1 laminado, adere ao mesmo e forma o defeito.<\/p><p>Trincas:\u00a0S\u00e3o rachaduras que aparecem nas pe\u00e7as laminadas e principalmente s\u00e3o oriundas de temperaturas inadequadas quando o metal \u00e9 laminado.<\/p><p>Dobras:\u00a0S\u00e3o oriundas de redu\u00e7\u00f5es de espessura muito elevadas.<\/p><p>Inclus\u00f5es:\u00a0S\u00e3o oriundas do processo de fundi\u00e7\u00e3o, normalmente s\u00e3o \u00f3xidos, cinzas, esc\u00f3rias, peda\u00e7os da parede do forno de fundi\u00e7\u00e3o, ou qualquer outro tipo de contamina\u00e7\u00e3o s\u00f3lida inadequada no metal a ser laminado. Normalmente s\u00e3o \u00f3xidos met\u00e1licos e por serem muito mais duros que os rolos laminadores, provocam a deforma\u00e7\u00e3o ou marcam os mesmos, chegando a deform\u00e1-los definitivamente. Por exemplo, os \u00f3xidos de alum\u00ednio, as inclus\u00f5es de alum\u00ednio, s\u00e3o extremamente duras, mais duras at\u00e9 que o a\u00e7o, material de que s\u00e3o feitos os rolos laminadores. Al\u00e9m disso o material laminado pode ficar\u00a0empenamento,\u00a0retorcido\u00a0e\u00a0fora de se\u00e7\u00e3o.<\/p>\t\t\t\t\t<\/div>\n\t\t\t\t\t\t<\/div>\n\t\t\t\t<\/div>\n\t\t\t\t\t\t<\/div>\n\t\t\t\t\t<\/div>\n\t\t<\/div>\n\t\t\t\t\t\t\t\t<\/div>\n\t\t\t\t\t<\/div>\n\t\t<\/section>\n\t\t\t\t\t\t<\/div>\n\t\t\t\t\t\t<\/div>\n\t\t\t\t\t<\/div>\n\t\t","protected":false},"excerpt":{"rendered":"<p>Processo industrial que tem como objetivo unir dois ou mais mat\u00e9rias flex\u00edveis atrav\u00e9s da utiliza\u00e7\u00e3o de adesivos especialmente desenvolvidos para cada tipo de aplica\u00e7\u00e3o solicitada. Este processo agrega as diversas caracter\u00edsticas do alum\u00ednio, como barreira absoluta e est\u00e9tica, com a versatilidade de mat\u00e9rias polim\u00e9rica para melhorar a resist\u00eancia mec\u00e2nica, t\u00e9rmica e qu\u00edmica, desta forma podendo&hellip;<\/p>\n","protected":false},"author":1,"featured_media":0,"parent":0,"menu_order":0,"comment_status":"closed","ping_status":"closed","template":"","meta":{"footnotes":""},"class_list":["post-418","page","type-page","status-publish","hentry"],"yoast_head":"<!-- This site is optimized with the Yoast SEO plugin v17.7.1 - https:\/\/yoast.com\/wordpress\/plugins\/seo\/ -->\n<title>Lamina\u00e7\u00e3o -<\/title>\n<meta name=\"robots\" content=\"noindex, follow, max-snippet:-1, max-image-preview:large, max-video-preview:-1\" \/>\n<meta property=\"og:locale\" content=\"pt_BR\" \/>\n<meta property=\"og:type\" content=\"article\" \/>\n<meta property=\"og:title\" content=\"Lamina\u00e7\u00e3o -\" \/>\n<meta property=\"og:description\" content=\"Processo industrial que tem como objetivo unir dois ou mais mat\u00e9rias flex\u00edveis atrav\u00e9s da utiliza\u00e7\u00e3o de adesivos especialmente desenvolvidos para cada tipo de aplica\u00e7\u00e3o solicitada. Este processo agrega as diversas caracter\u00edsticas do alum\u00ednio, como barreira absoluta e est\u00e9tica, com a versatilidade de mat\u00e9rias polim\u00e9rica para melhorar a resist\u00eancia mec\u00e2nica, t\u00e9rmica e qu\u00edmica, desta forma podendo&hellip;\" \/>\n<meta property=\"og:url\" content=\"https:\/\/isofio.com.br\/?page_id=418\" \/>\n<meta property=\"article:modified_time\" content=\"2021-03-26T20:55:43+00:00\" \/>\n<meta name=\"twitter:card\" content=\"summary_large_image\" \/>\n<meta name=\"twitter:label1\" content=\"Est. tempo de leitura\" \/>\n\t<meta name=\"twitter:data1\" content=\"3 minutos\" \/>\n<script type=\"application\/ld+json\" class=\"yoast-schema-graph\">{\"@context\":\"https:\/\/schema.org\",\"@graph\":[{\"@type\":\"WebSite\",\"@id\":\"https:\/\/isofio.com.br\/#website\",\"url\":\"https:\/\/isofio.com.br\/\",\"name\":\"\",\"description\":\"\",\"potentialAction\":[{\"@type\":\"SearchAction\",\"target\":{\"@type\":\"EntryPoint\",\"urlTemplate\":\"https:\/\/isofio.com.br\/?s={search_term_string}\"},\"query-input\":\"required name=search_term_string\"}],\"inLanguage\":\"pt-BR\"},{\"@type\":\"WebPage\",\"@id\":\"https:\/\/isofio.com.br\/?page_id=418#webpage\",\"url\":\"https:\/\/isofio.com.br\/?page_id=418\",\"name\":\"Lamina\\u00e7\\u00e3o -\",\"isPartOf\":{\"@id\":\"https:\/\/isofio.com.br\/#website\"},\"datePublished\":\"2021-03-23T20:37:06+00:00\",\"dateModified\":\"2021-03-26T20:55:43+00:00\",\"breadcrumb\":{\"@id\":\"https:\/\/isofio.com.br\/?page_id=418#breadcrumb\"},\"inLanguage\":\"pt-BR\",\"potentialAction\":[{\"@type\":\"ReadAction\",\"target\":[\"https:\/\/isofio.com.br\/?page_id=418\"]}]},{\"@type\":\"BreadcrumbList\",\"@id\":\"https:\/\/isofio.com.br\/?page_id=418#breadcrumb\",\"itemListElement\":[{\"@type\":\"ListItem\",\"position\":1,\"name\":\"In\\u00edcio\",\"item\":\"https:\/\/isofio.com.br\/\"},{\"@type\":\"ListItem\",\"position\":2,\"name\":\"Lamina\\u00e7\\u00e3o\"}]}]}<\/script>\n<!-- \/ Yoast SEO plugin. -->","yoast_head_json":{"title":"Lamina\u00e7\u00e3o -","robots":{"index":"noindex","follow":"follow","max-snippet":"max-snippet:-1","max-image-preview":"max-image-preview:large","max-video-preview":"max-video-preview:-1"},"og_locale":"pt_BR","og_type":"article","og_title":"Lamina\u00e7\u00e3o -","og_description":"Processo industrial que tem como objetivo unir dois ou mais mat\u00e9rias flex\u00edveis atrav\u00e9s da utiliza\u00e7\u00e3o de adesivos especialmente desenvolvidos para cada tipo de aplica\u00e7\u00e3o solicitada. Este processo agrega as diversas caracter\u00edsticas do alum\u00ednio, como barreira absoluta e est\u00e9tica, com a versatilidade de mat\u00e9rias polim\u00e9rica para melhorar a resist\u00eancia mec\u00e2nica, t\u00e9rmica e qu\u00edmica, desta forma podendo&hellip;","og_url":"https:\/\/isofio.com.br\/?page_id=418","article_modified_time":"2021-03-26T20:55:43+00:00","twitter_card":"summary_large_image","twitter_misc":{"Est. tempo de leitura":"3 minutos"},"schema":{"@context":"https:\/\/schema.org","@graph":[{"@type":"WebSite","@id":"https:\/\/isofio.com.br\/#website","url":"https:\/\/isofio.com.br\/","name":"","description":"","potentialAction":[{"@type":"SearchAction","target":{"@type":"EntryPoint","urlTemplate":"https:\/\/isofio.com.br\/?s={search_term_string}"},"query-input":"required name=search_term_string"}],"inLanguage":"pt-BR"},{"@type":"WebPage","@id":"https:\/\/isofio.com.br\/?page_id=418#webpage","url":"https:\/\/isofio.com.br\/?page_id=418","name":"Lamina\u00e7\u00e3o -","isPartOf":{"@id":"https:\/\/isofio.com.br\/#website"},"datePublished":"2021-03-23T20:37:06+00:00","dateModified":"2021-03-26T20:55:43+00:00","breadcrumb":{"@id":"https:\/\/isofio.com.br\/?page_id=418#breadcrumb"},"inLanguage":"pt-BR","potentialAction":[{"@type":"ReadAction","target":["https:\/\/isofio.com.br\/?page_id=418"]}]},{"@type":"BreadcrumbList","@id":"https:\/\/isofio.com.br\/?page_id=418#breadcrumb","itemListElement":[{"@type":"ListItem","position":1,"name":"In\u00edcio","item":"https:\/\/isofio.com.br\/"},{"@type":"ListItem","position":2,"name":"Lamina\u00e7\u00e3o"}]}]}},"_links":{"self":[{"href":"https:\/\/isofio.com.br\/index.php?rest_route=\/wp\/v2\/pages\/418","targetHints":{"allow":["GET"]}}],"collection":[{"href":"https:\/\/isofio.com.br\/index.php?rest_route=\/wp\/v2\/pages"}],"about":[{"href":"https:\/\/isofio.com.br\/index.php?rest_route=\/wp\/v2\/types\/page"}],"author":[{"embeddable":true,"href":"https:\/\/isofio.com.br\/index.php?rest_route=\/wp\/v2\/users\/1"}],"replies":[{"embeddable":true,"href":"https:\/\/isofio.com.br\/index.php?rest_route=%2Fwp%2Fv2%2Fcomments&post=418"}],"version-history":[{"count":10,"href":"https:\/\/isofio.com.br\/index.php?rest_route=\/wp\/v2\/pages\/418\/revisions"}],"predecessor-version":[{"id":489,"href":"https:\/\/isofio.com.br\/index.php?rest_route=\/wp\/v2\/pages\/418\/revisions\/489"}],"wp:attachment":[{"href":"https:\/\/isofio.com.br\/index.php?rest_route=%2Fwp%2Fv2%2Fmedia&parent=418"}],"curies":[{"name":"wp","href":"https:\/\/api.w.org\/{rel}","templated":true}]}}