{"id":511,"date":"2021-04-07T14:07:18","date_gmt":"2021-04-07T17:07:18","guid":{"rendered":"http:\/\/72.29.84.86\/~isofio\/?page_id=511"},"modified":"2021-04-07T15:06:26","modified_gmt":"2021-04-07T18:06:26","slug":"aluminio","status":"publish","type":"page","link":"https:\/\/isofio.com.br\/?page_id=511","title":{"rendered":"Alum\u00ednio"},"content":{"rendered":"\t\t<div data-elementor-type=\"wp-page\" data-elementor-id=\"511\" class=\"elementor elementor-511\" data-elementor-settings=\"[]\">\n\t\t\t\t\t\t<div class=\"elementor-inner\">\n\t\t\t\t\t\t\t<div class=\"elementor-section-wrap\">\n\t\t\t\t\t\t\t<section class=\"elementor-section elementor-top-section elementor-element elementor-element-13cf99a elementor-section-boxed elementor-section-height-default elementor-section-height-default\" data-id=\"13cf99a\" data-element_type=\"section\">\n\t\t\t\t\t\t<div class=\"elementor-container elementor-column-gap-default\">\n\t\t\t\t\t\t\t<div class=\"elementor-row\">\n\t\t\t\t\t<div class=\"elementor-column elementor-col-50 elementor-top-column elementor-element elementor-element-9aaa3c6\" data-id=\"9aaa3c6\" data-element_type=\"column\">\n\t\t\t<div class=\"elementor-column-wrap elementor-element-populated\">\n\t\t\t\t\t\t\t<div class=\"elementor-widget-wrap\">\n\t\t\t\t\t\t<div class=\"elementor-element elementor-element-46c5b511 elementor-invisible elementor-widget elementor-widget-text-editor\" data-id=\"46c5b511\" data-element_type=\"widget\" data-settings=\"{&quot;_animation&quot;:&quot;bounceInDown&quot;}\" data-widget_type=\"text-editor.default\">\n\t\t\t\t<div class=\"elementor-widget-container\">\n\t\t\t\t\t\t\t\t<div class=\"elementor-text-editor elementor-clearfix\">\n\t\t\t\t\t<h2>ALUM\u00cdNIO<\/h2><p>Fornecimento de diversas espessuras de folhas de alum\u00ednio para o mercado farmac\u00eautico, aliment\u00edcio e industrial, podendo ser laminado com diversos materiais polim\u00e9ricos para ampliar suas\u00a0 caracter\u00edsticas mec\u00e2nicas, qu\u00edmicas e t\u00e9rmicas. Como exemplo alum\u00ednios laqueados para selagem de blister farmac\u00eautico, laminados para tampas\/selos e r\u00f3tulos para capsulas e potes, base para manta asf\u00e1ltica.<\/p>\t\t\t\t\t<\/div>\n\t\t\t\t\t\t<\/div>\n\t\t\t\t<\/div>\n\t\t\t\t\t\t<\/div>\n\t\t\t\t\t<\/div>\n\t\t<\/div>\n\t\t\t\t<div class=\"elementor-column elementor-col-50 elementor-top-column elementor-element elementor-element-a3252c5\" data-id=\"a3252c5\" data-element_type=\"column\">\n\t\t\t<div class=\"elementor-column-wrap elementor-element-populated\">\n\t\t\t\t\t\t\t<div class=\"elementor-widget-wrap\">\n\t\t\t\t\t\t<div class=\"elementor-element elementor-element-f700ac6 elementor-widget elementor-widget-image\" data-id=\"f700ac6\" data-element_type=\"widget\" data-widget_type=\"image.default\">\n\t\t\t\t<div class=\"elementor-widget-container\">\n\t\t\t\t\t\t\t\t<div class=\"elementor-image\">\n\t\t\t\t\t\t\t\t\t\t\t\t<img loading=\"lazy\" decoding=\"async\" width=\"640\" height=\"640\" src=\"https:\/\/isofio.com.br\/wp-content\/uploads\/2021\/04\/foto2.jpeg\" class=\"attachment-large size-large\" alt=\"\" srcset=\"https:\/\/isofio.com.br\/wp-content\/uploads\/2021\/04\/foto2.jpeg 640w, https:\/\/isofio.com.br\/wp-content\/uploads\/2021\/04\/foto2-300x300.jpeg 300w, https:\/\/isofio.com.br\/wp-content\/uploads\/2021\/04\/foto2-150x150.jpeg 150w\" sizes=\"auto, (max-width: 640px) 100vw, 640px\" \/>\t\t\t\t\t\t\t\t\t\t\t\t\t\t<\/div>\n\t\t\t\t\t\t<\/div>\n\t\t\t\t<\/div>\n\t\t\t\t\t\t<\/div>\n\t\t\t\t\t<\/div>\n\t\t<\/div>\n\t\t\t\t\t\t\t\t<\/div>\n\t\t\t\t\t<\/div>\n\t\t<\/section>\n\t\t\t\t\t\t<\/div>\n\t\t\t\t\t\t<\/div>\n\t\t\t\t\t<\/div>\n\t\t","protected":false},"excerpt":{"rendered":"<p>ALUM\u00cdNIO Fornecimento de diversas espessuras de folhas de alum\u00ednio para o mercado farmac\u00eautico, aliment\u00edcio e industrial, podendo ser laminado com diversos materiais polim\u00e9ricos para ampliar suas\u00a0 caracter\u00edsticas mec\u00e2nicas, qu\u00edmicas e t\u00e9rmicas. Como exemplo alum\u00ednios laqueados para selagem de blister farmac\u00eautico, laminados para tampas\/selos e r\u00f3tulos para capsulas e potes, base para manta asf\u00e1ltica.<\/p>\n","protected":false},"author":1,"featured_media":373,"parent":0,"menu_order":0,"comment_status":"closed","ping_status":"closed","template":"","meta":{"footnotes":""},"class_list":["post-511","page","type-page","status-publish","has-post-thumbnail","hentry"],"yoast_head":"<!-- This site is optimized with the Yoast SEO plugin v17.7.1 - https:\/\/yoast.com\/wordpress\/plugins\/seo\/ -->\n<title>Alum\u00ednio -<\/title>\n<meta name=\"robots\" content=\"noindex, follow, max-snippet:-1, max-image-preview:large, max-video-preview:-1\" \/>\n<meta property=\"og:locale\" content=\"pt_BR\" \/>\n<meta property=\"og:type\" content=\"article\" \/>\n<meta property=\"og:title\" content=\"Alum\u00ednio -\" \/>\n<meta property=\"og:description\" content=\"ALUM\u00cdNIO Fornecimento de diversas espessuras de folhas de alum\u00ednio para o mercado farmac\u00eautico, aliment\u00edcio e industrial, podendo ser laminado com diversos materiais polim\u00e9ricos para ampliar suas\u00a0 caracter\u00edsticas mec\u00e2nicas, qu\u00edmicas e t\u00e9rmicas. Como exemplo alum\u00ednios laqueados para selagem de blister farmac\u00eautico, laminados para tampas\/selos e r\u00f3tulos para capsulas e potes, base para manta asf\u00e1ltica.\" \/>\n<meta property=\"og:url\" content=\"https:\/\/isofio.com.br\/?page_id=511\" \/>\n<meta property=\"article:modified_time\" content=\"2021-04-07T18:06:26+00:00\" \/>\n<meta property=\"og:image\" content=\"https:\/\/isofio.com.br\/wp-content\/uploads\/2021\/02\/fundo1.jpg\" \/>\n\t<meta property=\"og:image:width\" content=\"1800\" \/>\n\t<meta property=\"og:image:height\" content=\"1200\" \/>\n<meta name=\"twitter:card\" content=\"summary_large_image\" \/>\n<script type=\"application\/ld+json\" class=\"yoast-schema-graph\">{\"@context\":\"https:\/\/schema.org\",\"@graph\":[{\"@type\":\"WebSite\",\"@id\":\"https:\/\/isofio.com.br\/#website\",\"url\":\"https:\/\/isofio.com.br\/\",\"name\":\"\",\"description\":\"\",\"potentialAction\":[{\"@type\":\"SearchAction\",\"target\":{\"@type\":\"EntryPoint\",\"urlTemplate\":\"https:\/\/isofio.com.br\/?s={search_term_string}\"},\"query-input\":\"required name=search_term_string\"}],\"inLanguage\":\"pt-BR\"},{\"@type\":\"ImageObject\",\"@id\":\"https:\/\/isofio.com.br\/?page_id=511#primaryimage\",\"inLanguage\":\"pt-BR\",\"url\":\"https:\/\/isofio.com.br\/wp-content\/uploads\/2021\/02\/fundo1.jpg\",\"contentUrl\":\"https:\/\/isofio.com.br\/wp-content\/uploads\/2021\/02\/fundo1.jpg\",\"width\":1800,\"height\":1200,\"caption\":\"Stone surface background\"},{\"@type\":\"WebPage\",\"@id\":\"https:\/\/isofio.com.br\/?page_id=511#webpage\",\"url\":\"https:\/\/isofio.com.br\/?page_id=511\",\"name\":\"Alum\\u00ednio -\",\"isPartOf\":{\"@id\":\"https:\/\/isofio.com.br\/#website\"},\"primaryImageOfPage\":{\"@id\":\"https:\/\/isofio.com.br\/?page_id=511#primaryimage\"},\"datePublished\":\"2021-04-07T17:07:18+00:00\",\"dateModified\":\"2021-04-07T18:06:26+00:00\",\"breadcrumb\":{\"@id\":\"https:\/\/isofio.com.br\/?page_id=511#breadcrumb\"},\"inLanguage\":\"pt-BR\",\"potentialAction\":[{\"@type\":\"ReadAction\",\"target\":[\"https:\/\/isofio.com.br\/?page_id=511\"]}]},{\"@type\":\"BreadcrumbList\",\"@id\":\"https:\/\/isofio.com.br\/?page_id=511#breadcrumb\",\"itemListElement\":[{\"@type\":\"ListItem\",\"position\":1,\"name\":\"In\\u00edcio\",\"item\":\"https:\/\/isofio.com.br\/\"},{\"@type\":\"ListItem\",\"position\":2,\"name\":\"Alum\\u00ednio\"}]}]}<\/script>\n<!-- \/ Yoast SEO plugin. -->","yoast_head_json":{"title":"Alum\u00ednio -","robots":{"index":"noindex","follow":"follow","max-snippet":"max-snippet:-1","max-image-preview":"max-image-preview:large","max-video-preview":"max-video-preview:-1"},"og_locale":"pt_BR","og_type":"article","og_title":"Alum\u00ednio -","og_description":"ALUM\u00cdNIO Fornecimento de diversas espessuras de folhas de alum\u00ednio para o mercado farmac\u00eautico, aliment\u00edcio e industrial, podendo ser laminado com diversos materiais polim\u00e9ricos para ampliar suas\u00a0 caracter\u00edsticas mec\u00e2nicas, qu\u00edmicas e t\u00e9rmicas. Como exemplo alum\u00ednios laqueados para selagem de blister farmac\u00eautico, laminados para tampas\/selos e r\u00f3tulos para capsulas e potes, base para manta asf\u00e1ltica.","og_url":"https:\/\/isofio.com.br\/?page_id=511","article_modified_time":"2021-04-07T18:06:26+00:00","og_image":[{"width":1800,"height":1200,"url":"https:\/\/isofio.com.br\/wp-content\/uploads\/2021\/02\/fundo1.jpg","type":"image\/jpeg"}],"twitter_card":"summary_large_image","schema":{"@context":"https:\/\/schema.org","@graph":[{"@type":"WebSite","@id":"https:\/\/isofio.com.br\/#website","url":"https:\/\/isofio.com.br\/","name":"","description":"","potentialAction":[{"@type":"SearchAction","target":{"@type":"EntryPoint","urlTemplate":"https:\/\/isofio.com.br\/?s={search_term_string}"},"query-input":"required name=search_term_string"}],"inLanguage":"pt-BR"},{"@type":"ImageObject","@id":"https:\/\/isofio.com.br\/?page_id=511#primaryimage","inLanguage":"pt-BR","url":"https:\/\/isofio.com.br\/wp-content\/uploads\/2021\/02\/fundo1.jpg","contentUrl":"https:\/\/isofio.com.br\/wp-content\/uploads\/2021\/02\/fundo1.jpg","width":1800,"height":1200,"caption":"Stone surface background"},{"@type":"WebPage","@id":"https:\/\/isofio.com.br\/?page_id=511#webpage","url":"https:\/\/isofio.com.br\/?page_id=511","name":"Alum\u00ednio -","isPartOf":{"@id":"https:\/\/isofio.com.br\/#website"},"primaryImageOfPage":{"@id":"https:\/\/isofio.com.br\/?page_id=511#primaryimage"},"datePublished":"2021-04-07T17:07:18+00:00","dateModified":"2021-04-07T18:06:26+00:00","breadcrumb":{"@id":"https:\/\/isofio.com.br\/?page_id=511#breadcrumb"},"inLanguage":"pt-BR","potentialAction":[{"@type":"ReadAction","target":["https:\/\/isofio.com.br\/?page_id=511"]}]},{"@type":"BreadcrumbList","@id":"https:\/\/isofio.com.br\/?page_id=511#breadcrumb","itemListElement":[{"@type":"ListItem","position":1,"name":"In\u00edcio","item":"https:\/\/isofio.com.br\/"},{"@type":"ListItem","position":2,"name":"Alum\u00ednio"}]}]}},"_links":{"self":[{"href":"https:\/\/isofio.com.br\/index.php?rest_route=\/wp\/v2\/pages\/511","targetHints":{"allow":["GET"]}}],"collection":[{"href":"https:\/\/isofio.com.br\/index.php?rest_route=\/wp\/v2\/pages"}],"about":[{"href":"https:\/\/isofio.com.br\/index.php?rest_route=\/wp\/v2\/types\/page"}],"author":[{"embeddable":true,"href":"https:\/\/isofio.com.br\/index.php?rest_route=\/wp\/v2\/users\/1"}],"replies":[{"embeddable":true,"href":"https:\/\/isofio.com.br\/index.php?rest_route=%2Fwp%2Fv2%2Fcomments&post=511"}],"version-history":[{"count":19,"href":"https:\/\/isofio.com.br\/index.php?rest_route=\/wp\/v2\/pages\/511\/revisions"}],"predecessor-version":[{"id":549,"href":"https:\/\/isofio.com.br\/index.php?rest_route=\/wp\/v2\/pages\/511\/revisions\/549"}],"wp:featuredmedia":[{"embeddable":true,"href":"https:\/\/isofio.com.br\/index.php?rest_route=\/wp\/v2\/media\/373"}],"wp:attachment":[{"href":"https:\/\/isofio.com.br\/index.php?rest_route=%2Fwp%2Fv2%2Fmedia&parent=511"}],"curies":[{"name":"wp","href":"https:\/\/api.w.org\/{rel}","templated":true}]}}