{"id":686,"date":"2021-05-07T16:50:17","date_gmt":"2021-05-07T19:50:17","guid":{"rendered":"http:\/\/72.29.84.86\/~isofio\/?page_id=686"},"modified":"2022-05-13T08:52:19","modified_gmt":"2022-05-13T11:52:19","slug":"blister","status":"publish","type":"page","link":"https:\/\/isofio.com.br\/?page_id=686","title":{"rendered":"Blister"},"content":{"rendered":"\t\t<div data-elementor-type=\"wp-page\" data-elementor-id=\"686\" class=\"elementor elementor-686\" data-elementor-settings=\"[]\">\n\t\t\t\t\t\t<div class=\"elementor-inner\">\n\t\t\t\t\t\t\t<div class=\"elementor-section-wrap\">\n\t\t\t\t\t\t\t<section class=\"elementor-section elementor-top-section elementor-element elementor-element-dc0b262 elementor-section-boxed elementor-section-height-default elementor-section-height-default\" data-id=\"dc0b262\" data-element_type=\"section\">\n\t\t\t\t\t\t<div class=\"elementor-container elementor-column-gap-default\">\n\t\t\t\t\t\t\t<div class=\"elementor-row\">\n\t\t\t\t\t<div class=\"elementor-column elementor-col-100 elementor-top-column elementor-element elementor-element-0bd980b\" data-id=\"0bd980b\" data-element_type=\"column\">\n\t\t\t<div class=\"elementor-column-wrap elementor-element-populated\">\n\t\t\t\t\t\t\t<div class=\"elementor-widget-wrap\">\n\t\t\t\t\t\t<div class=\"elementor-element elementor-element-4551ef8 elementor-invisible elementor-widget elementor-widget-text-editor\" data-id=\"4551ef8\" data-element_type=\"widget\" data-settings=\"{&quot;_animation&quot;:&quot;bounceIn&quot;}\" data-widget_type=\"text-editor.default\">\n\t\t\t\t<div class=\"elementor-widget-container\">\n\t\t\t\t\t\t\t\t<div class=\"elementor-text-editor elementor-clearfix\">\n\t\t\t\t\t<h1 style=\"margin-top: 6.8pt; text-align: center;\" align=\"center\"><span lang=\"EN-US\">Alum\u00ednio base para Selagem de Blister<\/span><\/h1><h1 style=\"margin-top: 6.8pt; text-align: center;\" align=\"center\"><span lang=\"EN-US\">Aluminum base for Blister Sealing<\/span><\/h1>\t\t\t\t\t<\/div>\n\t\t\t\t\t\t<\/div>\n\t\t\t\t<\/div>\n\t\t\t\t<div class=\"elementor-element elementor-element-5eb4ae7a elementor-invisible elementor-widget elementor-widget-image\" data-id=\"5eb4ae7a\" data-element_type=\"widget\" data-settings=\"{&quot;_animation&quot;:&quot;zoomInDown&quot;}\" data-widget_type=\"image.default\">\n\t\t\t\t<div class=\"elementor-widget-container\">\n\t\t\t\t\t\t\t\t<div class=\"elementor-image\">\n\t\t\t\t\t\t\t\t\t\t\t\t<img loading=\"lazy\" decoding=\"async\" width=\"295\" height=\"115\" src=\"https:\/\/isofio.com.br\/wp-content\/uploads\/2022\/05\/compo.png\" class=\"attachment-large size-large\" alt=\"\" \/>\t\t\t\t\t\t\t\t\t\t\t\t\t\t<\/div>\n\t\t\t\t\t\t<\/div>\n\t\t\t\t<\/div>\n\t\t\t\t\t\t<\/div>\n\t\t\t\t\t<\/div>\n\t\t<\/div>\n\t\t\t\t\t\t\t\t<\/div>\n\t\t\t\t\t<\/div>\n\t\t<\/section>\n\t\t\t\t<section class=\"elementor-section elementor-top-section elementor-element elementor-element-fb662d2 elementor-section-boxed elementor-section-height-default elementor-section-height-default\" data-id=\"fb662d2\" data-element_type=\"section\">\n\t\t\t\t\t\t<div class=\"elementor-container elementor-column-gap-default\">\n\t\t\t\t\t\t\t<div class=\"elementor-row\">\n\t\t\t\t\t<div class=\"elementor-column elementor-col-100 elementor-top-column elementor-element elementor-element-8e1adf8\" data-id=\"8e1adf8\" data-element_type=\"column\">\n\t\t\t<div class=\"elementor-column-wrap\">\n\t\t\t\t\t\t\t<div class=\"elementor-widget-wrap\">\n\t\t\t\t\t\t\t\t<\/div>\n\t\t\t\t\t<\/div>\n\t\t<\/div>\n\t\t\t\t\t\t\t\t<\/div>\n\t\t\t\t\t<\/div>\n\t\t<\/section>\n\t\t\t\t<section class=\"elementor-section elementor-top-section elementor-element elementor-element-9caf608 elementor-section-boxed elementor-section-height-default elementor-section-height-default\" data-id=\"9caf608\" data-element_type=\"section\">\n\t\t\t\t\t\t<div class=\"elementor-container elementor-column-gap-default\">\n\t\t\t\t\t\t\t<div class=\"elementor-row\">\n\t\t\t\t\t<div class=\"elementor-column elementor-col-50 elementor-top-column elementor-element elementor-element-7657f64\" data-id=\"7657f64\" data-element_type=\"column\">\n\t\t\t<div class=\"elementor-column-wrap elementor-element-populated\">\n\t\t\t\t\t\t\t<div class=\"elementor-widget-wrap\">\n\t\t\t\t\t\t<div class=\"elementor-element elementor-element-6791205 elementor-invisible elementor-widget elementor-widget-text-editor\" data-id=\"6791205\" data-element_type=\"widget\" data-settings=\"{&quot;_animation&quot;:&quot;slideInDown&quot;}\" data-widget_type=\"text-editor.default\">\n\t\t\t\t<div class=\"elementor-widget-container\">\n\t\t\t\t\t\t\t\t<div class=\"elementor-text-editor elementor-clearfix\">\n\t\t\t\t\t<h2><strong>Composi\u00e7\u00e3o<\/strong><\/h2><p>Confeccionado com uma folha de alum\u00ednio com uma das superf\u00edcies devidamente preparada para impress\u00e3o e outra para selagem contra diversos tipos de filmes e alum\u00ednio<\/p><p>A superf\u00edcie para impress\u00e3o pode ser do lado brilhante ou fosco, dependendo da necessidade apresentada pelo cliente<\/p><p>A superf\u00edcie para o lado destinado a selagem pode ser do lado brilhante ou fosco, dependendo da necessidade do cliente, al\u00e9m de poder ficar tanto internamente como externamente nas bobinas<\/p><h1>Aplica\u00e7\u00e3o<\/h1><p>Destinado a selagem para o envase de produtos f\u00e1rmacos, aliment\u00edcios e veterin\u00e1rios na forma\u00e7\u00e3o do blister para comprimidos, c\u00e1psulas, s\u00f3lidos, l\u00edquidos e pastosos<\/p><p>Ideal para selagem contra PVDC, PVC, BOPA, ALUMINIO, etc.<\/p>\t\t\t\t\t<\/div>\n\t\t\t\t\t\t<\/div>\n\t\t\t\t<\/div>\n\t\t\t\t\t\t<\/div>\n\t\t\t\t\t<\/div>\n\t\t<\/div>\n\t\t\t\t<div class=\"elementor-column elementor-col-50 elementor-top-column elementor-element elementor-element-2405999\" data-id=\"2405999\" data-element_type=\"column\">\n\t\t\t<div class=\"elementor-column-wrap elementor-element-populated\">\n\t\t\t\t\t\t\t<div class=\"elementor-widget-wrap\">\n\t\t\t\t\t\t<div class=\"elementor-element elementor-element-4e69567 elementor-invisible elementor-widget elementor-widget-text-editor\" data-id=\"4e69567\" data-element_type=\"widget\" data-settings=\"{&quot;_animation&quot;:&quot;zoomInLeft&quot;}\" data-widget_type=\"text-editor.default\">\n\t\t\t\t<div class=\"elementor-widget-container\">\n\t\t\t\t\t\t\t\t<div class=\"elementor-text-editor elementor-clearfix\">\n\t\t\t\t\t<h1>Composition<\/h1><p>Made of aluminum foil with one of the surfaces properly prepared for printing and the other for sealing against various types of films and aluminum<\/p><p>The printable surface can be on the glossy side or matte, depending on the need presented by the customer<\/p><p>The surface for the sealing side can be on the glossy or matte side, depending on the customer&#8217;s need in addition to being able to be both internally and externally on the rolls<\/p><h1>Application<\/h1><table style=\"color: #404040; font-size: 16px; font-weight: 400;\" width=\"100%\"><tbody><tr><td>\u00a0<\/td><\/tr><\/tbody><\/table><p>Intended for sealing for the filling of pharmaceutical, food and veterinary products in the formation of the blister f tablets, capsules, solids, liquids and pastes<\/p><p>Ideal for sealing against PVDC, PVC, BOPA, ALUMINUM, etc.<\/p>\t\t\t\t\t<\/div>\n\t\t\t\t\t\t<\/div>\n\t\t\t\t<\/div>\n\t\t\t\t\t\t<\/div>\n\t\t\t\t\t<\/div>\n\t\t<\/div>\n\t\t\t\t\t\t\t\t<\/div>\n\t\t\t\t\t<\/div>\n\t\t<\/section>\n\t\t\t\t<section class=\"elementor-section elementor-top-section elementor-element elementor-element-47f2e6b3 elementor-section-stretched elementor-section-boxed elementor-section-height-default elementor-section-height-default\" data-id=\"47f2e6b3\" data-element_type=\"section\" data-settings=\"{&quot;stretch_section&quot;:&quot;section-stretched&quot;,&quot;background_background&quot;:&quot;slideshow&quot;,&quot;background_slideshow_gallery&quot;:[],&quot;background_slideshow_loop&quot;:&quot;yes&quot;,&quot;background_slideshow_slide_duration&quot;:5000,&quot;background_slideshow_slide_transition&quot;:&quot;fade&quot;,&quot;background_slideshow_transition_duration&quot;:500}\">\n\t\t\t\t\t\t<div class=\"elementor-container elementor-column-gap-default\">\n\t\t\t\t\t\t\t<div class=\"elementor-row\">\n\t\t\t\t\t<div class=\"elementor-column elementor-col-100 elementor-top-column elementor-element elementor-element-7b90dc95\" data-id=\"7b90dc95\" data-element_type=\"column\">\n\t\t\t<div class=\"elementor-column-wrap elementor-element-populated\">\n\t\t\t\t\t\t\t<div class=\"elementor-widget-wrap\">\n\t\t\t\t\t\t<div class=\"elementor-element elementor-element-5df88c8 elementor-invisible elementor-widget elementor-widget-image\" data-id=\"5df88c8\" data-element_type=\"widget\" data-settings=\"{&quot;_animation&quot;:&quot;zoomInDown&quot;}\" data-widget_type=\"image.default\">\n\t\t\t\t<div class=\"elementor-widget-container\">\n\t\t\t\t\t\t\t\t<div class=\"elementor-image\">\n\t\t\t\t\t\t\t\t\t\t\t\t<img loading=\"lazy\" decoding=\"async\" width=\"346\" height=\"100\" src=\"https:\/\/isofio.com.br\/wp-content\/uploads\/2022\/05\/rem.png\" class=\"attachment-large size-large\" alt=\"\" srcset=\"https:\/\/isofio.com.br\/wp-content\/uploads\/2022\/05\/rem.png 346w, https:\/\/isofio.com.br\/wp-content\/uploads\/2022\/05\/rem-300x87.png 300w\" sizes=\"auto, (max-width: 346px) 100vw, 346px\" \/>\t\t\t\t\t\t\t\t\t\t\t\t\t\t<\/div>\n\t\t\t\t\t\t<\/div>\n\t\t\t\t<\/div>\n\t\t\t\t<div class=\"elementor-element elementor-element-4169598 elementor-invisible elementor-widget elementor-widget-image\" data-id=\"4169598\" data-element_type=\"widget\" data-settings=\"{&quot;_animation&quot;:&quot;zoomInDown&quot;}\" data-widget_type=\"image.default\">\n\t\t\t\t<div class=\"elementor-widget-container\">\n\t\t\t\t\t\t\t\t<div class=\"elementor-image\">\n\t\t\t\t\t\t\t\t\t\t\t\t<img loading=\"lazy\" decoding=\"async\" width=\"616\" height=\"144\" src=\"https:\/\/isofio.com.br\/wp-content\/uploads\/2022\/05\/tab.png\" class=\"attachment-large size-large\" alt=\"\" srcset=\"https:\/\/isofio.com.br\/wp-content\/uploads\/2022\/05\/tab.png 616w, https:\/\/isofio.com.br\/wp-content\/uploads\/2022\/05\/tab-300x70.png 300w\" sizes=\"auto, (max-width: 616px) 100vw, 616px\" \/>\t\t\t\t\t\t\t\t\t\t\t\t\t\t<\/div>\n\t\t\t\t\t\t<\/div>\n\t\t\t\t<\/div>\n\t\t\t\t\t\t<\/div>\n\t\t\t\t\t<\/div>\n\t\t<\/div>\n\t\t\t\t\t\t\t\t<\/div>\n\t\t\t\t\t<\/div>\n\t\t<\/section>\n\t\t\t\t\t\t<\/div>\n\t\t\t\t\t\t<\/div>\n\t\t\t\t\t<\/div>\n\t\t","protected":false},"excerpt":{"rendered":"<p>Alum\u00ednio base para Selagem de Blister Aluminum base for Blister Sealing Composi\u00e7\u00e3o Confeccionado com uma folha de alum\u00ednio com uma das superf\u00edcies devidamente preparada para impress\u00e3o e outra para selagem contra diversos tipos de filmes e alum\u00ednio A superf\u00edcie para impress\u00e3o pode ser do lado brilhante ou fosco, dependendo da necessidade apresentada pelo cliente A&hellip;<\/p>\n","protected":false},"author":1,"featured_media":373,"parent":0,"menu_order":0,"comment_status":"closed","ping_status":"closed","template":"","meta":{"footnotes":""},"class_list":["post-686","page","type-page","status-publish","has-post-thumbnail","hentry"],"yoast_head":"<!-- This site is optimized with the Yoast SEO plugin v17.7.1 - https:\/\/yoast.com\/wordpress\/plugins\/seo\/ -->\n<title>Blister<\/title>\n<meta name=\"description\" content=\"Blister Confeccionado com uma folha de alum\u00ednio com uma das superf\u00edcies devidamente preparada para impress\u00e3o e outra para selagem contra diversos tipos de filmes e alum\u00ednio.A superf\u00edcie para o lado destinado a selagem pode ser do lado brilhante ou fosco, dependendo da necessidade do cliente, al\u00e9m de poder ficar tanto internamente como externamente nas bobinas.\" \/>\n<meta name=\"robots\" content=\"noindex, follow, max-snippet:-1, max-image-preview:large, max-video-preview:-1\" \/>\n<meta property=\"og:locale\" content=\"pt_BR\" \/>\n<meta property=\"og:type\" content=\"article\" \/>\n<meta property=\"og:title\" content=\"Blister\" \/>\n<meta property=\"og:description\" content=\"Blister Confeccionado com uma folha de alum\u00ednio com uma das superf\u00edcies devidamente preparada para impress\u00e3o e outra para selagem contra diversos tipos de filmes e alum\u00ednio.A superf\u00edcie para o lado destinado a selagem pode ser do lado brilhante ou fosco, dependendo da necessidade do cliente, al\u00e9m de poder ficar tanto internamente como externamente nas bobinas.\" \/>\n<meta property=\"og:url\" content=\"https:\/\/isofio.com.br\/?page_id=686\" \/>\n<meta property=\"article:modified_time\" content=\"2022-05-13T11:52:19+00:00\" \/>\n<meta property=\"og:image\" content=\"https:\/\/isofio.com.br\/wp-content\/uploads\/2021\/02\/fundo1.jpg\" \/>\n\t<meta property=\"og:image:width\" content=\"1800\" \/>\n\t<meta property=\"og:image:height\" content=\"1200\" \/>\n<meta name=\"twitter:card\" content=\"summary_large_image\" \/>\n<meta name=\"twitter:label1\" content=\"Est. tempo de leitura\" \/>\n\t<meta name=\"twitter:data1\" content=\"2 minutos\" \/>\n<script type=\"application\/ld+json\" class=\"yoast-schema-graph\">{\"@context\":\"https:\/\/schema.org\",\"@graph\":[{\"@type\":\"WebSite\",\"@id\":\"https:\/\/isofio.com.br\/#website\",\"url\":\"https:\/\/isofio.com.br\/\",\"name\":\"\",\"description\":\"\",\"potentialAction\":[{\"@type\":\"SearchAction\",\"target\":{\"@type\":\"EntryPoint\",\"urlTemplate\":\"https:\/\/isofio.com.br\/?s={search_term_string}\"},\"query-input\":\"required name=search_term_string\"}],\"inLanguage\":\"pt-BR\"},{\"@type\":\"ImageObject\",\"@id\":\"https:\/\/isofio.com.br\/?page_id=686#primaryimage\",\"inLanguage\":\"pt-BR\",\"url\":\"https:\/\/isofio.com.br\/wp-content\/uploads\/2021\/02\/fundo1.jpg\",\"contentUrl\":\"https:\/\/isofio.com.br\/wp-content\/uploads\/2021\/02\/fundo1.jpg\",\"width\":1800,\"height\":1200,\"caption\":\"Stone surface background\"},{\"@type\":\"WebPage\",\"@id\":\"https:\/\/isofio.com.br\/?page_id=686#webpage\",\"url\":\"https:\/\/isofio.com.br\/?page_id=686\",\"name\":\"Blister\",\"isPartOf\":{\"@id\":\"https:\/\/isofio.com.br\/#website\"},\"primaryImageOfPage\":{\"@id\":\"https:\/\/isofio.com.br\/?page_id=686#primaryimage\"},\"datePublished\":\"2021-05-07T19:50:17+00:00\",\"dateModified\":\"2022-05-13T11:52:19+00:00\",\"description\":\"Blister Confeccionado com uma folha de alum\\u00ednio com uma das superf\\u00edcies devidamente preparada para impress\\u00e3o e outra para selagem contra diversos tipos de filmes e alum\\u00ednio.A superf\\u00edcie para o lado destinado a selagem pode ser do lado brilhante ou fosco, dependendo da necessidade do cliente, al\\u00e9m de poder ficar tanto internamente como externamente nas bobinas.\",\"breadcrumb\":{\"@id\":\"https:\/\/isofio.com.br\/?page_id=686#breadcrumb\"},\"inLanguage\":\"pt-BR\",\"potentialAction\":[{\"@type\":\"ReadAction\",\"target\":[\"https:\/\/isofio.com.br\/?page_id=686\"]}]},{\"@type\":\"BreadcrumbList\",\"@id\":\"https:\/\/isofio.com.br\/?page_id=686#breadcrumb\",\"itemListElement\":[{\"@type\":\"ListItem\",\"position\":1,\"name\":\"In\\u00edcio\",\"item\":\"https:\/\/isofio.com.br\/\"},{\"@type\":\"ListItem\",\"position\":2,\"name\":\"Blister\"}]}]}<\/script>\n<!-- \/ Yoast SEO plugin. -->","yoast_head_json":{"title":"Blister","description":"Blister Confeccionado com uma folha de alum\u00ednio com uma das superf\u00edcies devidamente preparada para impress\u00e3o e outra para selagem contra diversos tipos de filmes e alum\u00ednio.A superf\u00edcie para o lado destinado a selagem pode ser do lado brilhante ou fosco, dependendo da necessidade do cliente, al\u00e9m de poder ficar tanto internamente como externamente nas bobinas.","robots":{"index":"noindex","follow":"follow","max-snippet":"max-snippet:-1","max-image-preview":"max-image-preview:large","max-video-preview":"max-video-preview:-1"},"og_locale":"pt_BR","og_type":"article","og_title":"Blister","og_description":"Blister Confeccionado com uma folha de alum\u00ednio com uma das superf\u00edcies devidamente preparada para impress\u00e3o e outra para selagem contra diversos tipos de filmes e alum\u00ednio.A superf\u00edcie para o lado destinado a selagem pode ser do lado brilhante ou fosco, dependendo da necessidade do cliente, al\u00e9m de poder ficar tanto internamente como externamente nas bobinas.","og_url":"https:\/\/isofio.com.br\/?page_id=686","article_modified_time":"2022-05-13T11:52:19+00:00","og_image":[{"width":1800,"height":1200,"url":"https:\/\/isofio.com.br\/wp-content\/uploads\/2021\/02\/fundo1.jpg","type":"image\/jpeg"}],"twitter_card":"summary_large_image","twitter_misc":{"Est. tempo de leitura":"2 minutos"},"schema":{"@context":"https:\/\/schema.org","@graph":[{"@type":"WebSite","@id":"https:\/\/isofio.com.br\/#website","url":"https:\/\/isofio.com.br\/","name":"","description":"","potentialAction":[{"@type":"SearchAction","target":{"@type":"EntryPoint","urlTemplate":"https:\/\/isofio.com.br\/?s={search_term_string}"},"query-input":"required name=search_term_string"}],"inLanguage":"pt-BR"},{"@type":"ImageObject","@id":"https:\/\/isofio.com.br\/?page_id=686#primaryimage","inLanguage":"pt-BR","url":"https:\/\/isofio.com.br\/wp-content\/uploads\/2021\/02\/fundo1.jpg","contentUrl":"https:\/\/isofio.com.br\/wp-content\/uploads\/2021\/02\/fundo1.jpg","width":1800,"height":1200,"caption":"Stone surface background"},{"@type":"WebPage","@id":"https:\/\/isofio.com.br\/?page_id=686#webpage","url":"https:\/\/isofio.com.br\/?page_id=686","name":"Blister","isPartOf":{"@id":"https:\/\/isofio.com.br\/#website"},"primaryImageOfPage":{"@id":"https:\/\/isofio.com.br\/?page_id=686#primaryimage"},"datePublished":"2021-05-07T19:50:17+00:00","dateModified":"2022-05-13T11:52:19+00:00","description":"Blister Confeccionado com uma folha de alum\u00ednio com uma das superf\u00edcies devidamente preparada para impress\u00e3o e outra para selagem contra diversos tipos de filmes e alum\u00ednio.A superf\u00edcie para o lado destinado a selagem pode ser do lado brilhante ou fosco, dependendo da necessidade do cliente, al\u00e9m de poder ficar tanto internamente como externamente nas bobinas.","breadcrumb":{"@id":"https:\/\/isofio.com.br\/?page_id=686#breadcrumb"},"inLanguage":"pt-BR","potentialAction":[{"@type":"ReadAction","target":["https:\/\/isofio.com.br\/?page_id=686"]}]},{"@type":"BreadcrumbList","@id":"https:\/\/isofio.com.br\/?page_id=686#breadcrumb","itemListElement":[{"@type":"ListItem","position":1,"name":"In\u00edcio","item":"https:\/\/isofio.com.br\/"},{"@type":"ListItem","position":2,"name":"Blister"}]}]}},"_links":{"self":[{"href":"https:\/\/isofio.com.br\/index.php?rest_route=\/wp\/v2\/pages\/686","targetHints":{"allow":["GET"]}}],"collection":[{"href":"https:\/\/isofio.com.br\/index.php?rest_route=\/wp\/v2\/pages"}],"about":[{"href":"https:\/\/isofio.com.br\/index.php?rest_route=\/wp\/v2\/types\/page"}],"author":[{"embeddable":true,"href":"https:\/\/isofio.com.br\/index.php?rest_route=\/wp\/v2\/users\/1"}],"replies":[{"embeddable":true,"href":"https:\/\/isofio.com.br\/index.php?rest_route=%2Fwp%2Fv2%2Fcomments&post=686"}],"version-history":[{"count":23,"href":"https:\/\/isofio.com.br\/index.php?rest_route=\/wp\/v2\/pages\/686\/revisions"}],"predecessor-version":[{"id":1105,"href":"https:\/\/isofio.com.br\/index.php?rest_route=\/wp\/v2\/pages\/686\/revisions\/1105"}],"wp:featuredmedia":[{"embeddable":true,"href":"https:\/\/isofio.com.br\/index.php?rest_route=\/wp\/v2\/media\/373"}],"wp:attachment":[{"href":"https:\/\/isofio.com.br\/index.php?rest_route=%2Fwp%2Fv2%2Fmedia&parent=686"}],"curies":[{"name":"wp","href":"https:\/\/api.w.org\/{rel}","templated":true}]}}